{"id":7,"date":"2008-11-03T19:46:55","date_gmt":"2008-11-03T17:46:55","guid":{"rendered":"http:\/\/wordpress.minisail.com\/?page_id=7"},"modified":"2017-03-17T23:32:41","modified_gmt":"2017-03-17T22:32:41","slug":"minisail-was-ist-das","status":"publish","type":"page","link":"http:\/\/www.minisail.com\/?page_id=7","title":{"rendered":"Was ist minisail?"},"content":{"rendered":"<p><strong>Die Idee:<\/strong><\/p>\n<p>Als Hobby Segelschiffsmodelle bauen, die so genau wie m\u00f6glich den Originalen entsprechen.<br \/>\nDiese Modelle ferngesteuert so gut wie m\u00f6glich segeln.<br \/>\nBei gemeinsamen Treffen Erfahrungen, Informationen, Tipps und Tricks austauschen. Beim gemeinsamen Segeln Spa\u00df und Anregung in der Gemeinschaft finden.<\/p>\n<p><strong>Die Modelle:<\/strong><\/p>\n<p>So vielf\u00e4ltig wie die Segelschiffe aus aller Welt sind auch die Modelle.<\/p>\n\r\n<div class=\"ngg-galleryoverview\" id=\"ngg-gallery-330-7\">\r\n\r\n\r\n\t\r\n\t<!-- Thumbnails -->\r\n\t\t\r\n\t<div id=\"ngg-image-2641\" class=\"ngg-gallery-thumbnail-box\"  >\r\n\t\t<div class=\"ngg-gallery-thumbnail\" >\r\n\t\t\t<a href=\"http:\/\/www.minisail.com\/wp-content\/blogs.dir\/4\/files\/wasistminisail\/cuttysark.jpg\" title=\"Die rahgetakelte CUTTY SARK\" class=\"highslide\" onclick=\"return hs.expand(this, { slideshowGroup: 'set_330' })\" >\r\n\t\t\t\t\t\t\t\t<img loading=\"lazy\" decoding=\"async\" title=\"cuttysark\" alt=\"cuttysark\" src=\"http:\/\/www.minisail.com\/wp-content\/blogs.dir\/4\/files\/wasistminisail\/thumbs\/thumbs_cuttysark.jpg\" width=\"115\" height=\"115\" \/>\r\n\t\t\t\t\t\t\t<\/a>\r\n\t\t<\/div>\r\n\t<\/div>\r\n\t\r\n\t\t\r\n \t\t\r\n\t<div id=\"ngg-image-2642\" class=\"ngg-gallery-thumbnail-box\"  >\r\n\t\t<div class=\"ngg-gallery-thumbnail\" >\r\n\t\t\t<a href=\"http:\/\/www.minisail.com\/wp-content\/blogs.dir\/4\/files\/wasistminisail\/grdrach.jpg\" title=\"Das Plattbodenschiff DE GROENE DRAECK\" class=\"highslide\" onclick=\"return hs.expand(this, { slideshowGroup: 'set_330' })\" >\r\n\t\t\t\t\t\t\t\t<img loading=\"lazy\" decoding=\"async\" title=\"grdrach\" alt=\"grdrach\" src=\"http:\/\/www.minisail.com\/wp-content\/blogs.dir\/4\/files\/wasistminisail\/thumbs\/thumbs_grdrach.jpg\" width=\"115\" height=\"115\" \/>\r\n\t\t\t\t\t\t\t<\/a>\r\n\t\t<\/div>\r\n\t<\/div>\r\n\t\r\n\t\t\r\n \t\t\r\n\t<div id=\"ngg-image-2639\" class=\"ngg-gallery-thumbnail-box\"  >\r\n\t\t<div class=\"ngg-gallery-thumbnail\" >\r\n\t\t\t<a href=\"http:\/\/www.minisail.com\/wp-content\/blogs.dir\/4\/files\/wasistminisail\/annie-07.jpg\" title=\"Die gaffelgetakelte ANNIE\" class=\"highslide\" onclick=\"return hs.expand(this, { slideshowGroup: 'set_330' })\" >\r\n\t\t\t\t\t\t\t\t<img loading=\"lazy\" decoding=\"async\" title=\"annie-07\" alt=\"annie-07\" src=\"http:\/\/www.minisail.com\/wp-content\/blogs.dir\/4\/files\/wasistminisail\/thumbs\/thumbs_annie-07.jpg\" width=\"115\" height=\"115\" \/>\r\n\t\t\t\t\t\t\t<\/a>\r\n\t\t<\/div>\r\n\t<\/div>\r\n\t\r\n\t\t\r\n \t\t\r\n\t<div id=\"ngg-image-2640\" class=\"ngg-gallery-thumbnail-box\"  >\r\n\t\t<div class=\"ngg-gallery-thumbnail\" >\r\n\t\t\t<a href=\"http:\/\/www.minisail.com\/wp-content\/blogs.dir\/4\/files\/wasistminisail\/containerk.jpg\" title=\"Die moderne Yacht CONTAINER\" class=\"highslide\" onclick=\"return hs.expand(this, { slideshowGroup: 'set_330' })\" >\r\n\t\t\t\t\t\t\t\t<img loading=\"lazy\" decoding=\"async\" title=\"containerk\" alt=\"containerk\" src=\"http:\/\/www.minisail.com\/wp-content\/blogs.dir\/4\/files\/wasistminisail\/thumbs\/thumbs_containerk.jpg\" width=\"115\" height=\"115\" \/>\r\n\t\t\t\t\t\t\t<\/a>\r\n\t\t<\/div>\r\n\t<\/div>\r\n\t\r\n\t\t\r\n \t \t\r\n\t<!-- Pagination -->\r\n \t<div class='ngg-clear'><\/div>\n \t\r\n<\/div>\r\n\r\n\n<p>\u00dcber die Ausf\u00fchrung der Modelle entscheiden alleine die Erbauer mit ihrem handwerklichen K\u00f6nnen, ihren technischen M\u00f6glichkeiten, dem fachlichen Wissen und dem Willen, so genau wie m\u00f6glich zu bauen.<\/p>\n<p><strong>Die Treffen:<\/strong><br \/>\n\r\n<a href=\"http:\/\/www.minisail.com\/wp-content\/blogs.dir\/4\/files\/wasist\/maenner.jpg\" title=\"\" class=\"highslide\" onclick=\"return hs.expand(this, { slideshowGroup: 'singlepic1560' })\" >\r\n\t<img decoding=\"async\" class=\"ngg-singlepic\" src=\"http:\/\/www.minisail.com\/wp-content\/blogs.dir\/4\/files\/cache\/1560__x_maenner.jpg\" alt=\"maenner\" title=\"maenner\" \/>\r\n<\/a>\r\n<\/p>\n<p>Da steht der vielbesch\u00e4ftigte Mediziner neben dem ausgefuchsten Tischlermeister, der junge Informatikstudent neben dem pensionierten Lokf\u00fchrer, oder der Lehrer neben dem Fabrikarbeiter und alle sind sie begeistert von ihren Booten, die bei frischer Brise \u00fcber den Modellteich ziehen.<br \/>\n\r\n<a href=\"http:\/\/www.minisail.com\/wp-content\/blogs.dir\/4\/files\/wasist\/plan.jpg\" title=\"\" class=\"highslide\" onclick=\"return hs.expand(this, { slideshowGroup: 'singlepic1561' })\" >\r\n\t<img decoding=\"async\" class=\"ngg-singlepic\" src=\"http:\/\/www.minisail.com\/wp-content\/blogs.dir\/4\/files\/cache\/1561__x_plan.jpg\" alt=\"plan\" title=\"plan\" \/>\r\n<\/a>\r\n<\/p>\n<p>Und am Abend gr\u00fcbeln sie gemeinsam \u00fcber Pl\u00e4nen, B\u00fcchern und Skizzen f\u00fcr laufende und neue Projekte.<br \/>\n\r\n<a href=\"http:\/\/www.minisail.com\/wp-content\/blogs.dir\/4\/files\/wasist\/frauen.jpg\" title=\"\" class=\"highslide\" onclick=\"return hs.expand(this, { slideshowGroup: 'singlepic1558' })\" >\r\n\t<img decoding=\"async\" class=\"ngg-singlepic\" src=\"http:\/\/www.minisail.com\/wp-content\/blogs.dir\/4\/files\/cache\/1558__x_frauen.jpg\" alt=\"frauen\" title=\"frauen\" \/>\r\n<\/a>\r\n<br \/>\nDas alles funktioniert nur, weil M\u00fctter, Br\u00e4ute oder Ehefrauen sich mit dem aufwendigen Hobby ihrer M\u00e4nner identifizieren und es unterst\u00fctzen. Die ganze Familie ist bei diesen Treffen einbezogen. Die Frauen haben ihre Arbeit mit Kaffee und selbst gebackenem Kuchen, um ihre Familien und G\u00e4ste zu versogen. Selbstverst\u00e4ndlich d\u00fcrfen die Kinder auch mal segeln.<\/p>\n<p><strong>Die Ziele:<\/strong><\/p>\n<p>Segelschiffs-Modelle schaffen, die in Aussehen und Funktion den grossen Vorbildern so nahe wie m\u00f6glich kommen.<br \/>\nDiese Boote den Vorbildern entsprechend ferngesteuert segeln.<br \/>\nDurch die gemeinsamen Treffen neue Kontakte zwischen den Familien entwickeln.<br \/>\nDurch neue Kontakte das Wissen und K\u00f6nnen der Einzelnen verbessern.<\/p>\n<p><strong>Die Grenzen:<\/strong><\/p>\n<p>Die Physik zeigt deutlich, was im Modellbau machbar ist. Wasser und Wind sind in keinen Ma\u00dfstab zu zwingen! Daraus ergibt es sich z.B., dass ein bestimmtes Bootsmodell mit einer L\u00e4nge X nicht ohne Zusatzkiel gesegelt werden kann. Baut man das gleiche Boot doppelt so gro\u00df, dann kann auf den (unerw\u00fcnschten) Zusatz verzichtet werden. Daraus ergeben sich, je nach Anspruch des Modellbauers, Zwangsl\u00e4ufigkeiten in der Ausf\u00fchrung des Projektes.<br \/>\nAngestrebt wird die Verwendung gleicher Materialien bei Original und Modell. Wo aber gibt es Eichenholz im Ma\u00dfstab 1:10?<br \/>\nAuf Originalschiffen packen viele H\u00e4nde zu, wenn ein Man\u00f6ver gefahren oder Segel gesetzt bzw. geborgen werden. Der Modellbauer hat nur seine Fernsteuerung.<\/p>\n<p><strong>Die M\u00f6glichkeiten:<\/strong><\/p>\n<p>Jeder Interessierte kann bei mini-sail mitmachen!<br \/>\nDie verschiedenen Gruppen unterscheiden sich durch die Auslegung der 1985 entstandenen mini-sail Idee. Sie wird in den jeweiligen Satzungen oder Regeln genauer beschrieben.<\/p>\n<p><strong>Generell gilt:<\/strong><\/p>\n<p>Boote, die zum wettkampfm\u00e4\u00dfigen Regattasegeln konstruiert und gebaut sind (z.B. Boote der 1-Meter-Klasse, M-Boote usw.), sind KEINE mini-sail Modelle.<br \/>\nBei mini-sail-Treffen werden KEINE wettkampfm\u00e4\u00dfigen Wettbewerbe oder Regatten ausgefahren.<br \/>\n\r\n<a href=\"http:\/\/www.minisail.com\/wp-content\/blogs.dir\/4\/files\/wasist\/segelwald.jpg\" title=\"\" class=\"highslide\" onclick=\"return hs.expand(this, { slideshowGroup: 'singlepic1562' })\" >\r\n\t<img decoding=\"async\" class=\"ngg-singlepic\" src=\"http:\/\/www.minisail.com\/wp-content\/blogs.dir\/4\/files\/cache\/1562__x_segelwald.jpg\" alt=\"segelwald\" title=\"segelwald\" \/>\r\n<\/a>\r\n<\/p>\n","protected":false},"excerpt":{"rendered":"<p>Die Idee: Als Hobby Segelschiffsmodelle bauen, die so genau wie m\u00f6glich den Originalen entsprechen. Diese Modelle ferngesteuert so gut wie m\u00f6glich segeln. Bei gemeinsamen Treffen Erfahrungen, Informationen, Tipps und Tricks austauschen. Beim gemeinsamen Segeln Spa\u00df und Anregung in der Gemeinschaft finden. Die Modelle: So vielf\u00e4ltig wie die Segelschiffe aus aller Welt sind auch die Modelle. [&hellip;]<\/p>\n","protected":false},"author":4,"featured_media":0,"parent":0,"menu_order":1,"comment_status":"closed","ping_status":"closed","template":"","meta":{"footnotes":""},"class_list":["post-7","page","type-page","status-publish","hentry"],"_links":{"self":[{"href":"http:\/\/www.minisail.com\/index.php?rest_route=\/wp\/v2\/pages\/7","targetHints":{"allow":["GET"]}}],"collection":[{"href":"http:\/\/www.minisail.com\/index.php?rest_route=\/wp\/v2\/pages"}],"about":[{"href":"http:\/\/www.minisail.com\/index.php?rest_route=\/wp\/v2\/types\/page"}],"author":[{"embeddable":true,"href":"http:\/\/www.minisail.com\/index.php?rest_route=\/wp\/v2\/users\/4"}],"replies":[{"embeddable":true,"href":"http:\/\/www.minisail.com\/index.php?rest_route=%2Fwp%2Fv2%2Fcomments&post=7"}],"version-history":[{"count":28,"href":"http:\/\/www.minisail.com\/index.php?rest_route=\/wp\/v2\/pages\/7\/revisions"}],"predecessor-version":[{"id":4832,"href":"http:\/\/www.minisail.com\/index.php?rest_route=\/wp\/v2\/pages\/7\/revisions\/4832"}],"wp:attachment":[{"href":"http:\/\/www.minisail.com\/index.php?rest_route=%2Fwp%2Fv2%2Fmedia&parent=7"}],"curies":[{"name":"wp","href":"https:\/\/api.w.org\/{rel}","templated":true}]}}