{"id":5047,"date":"2019-06-10T15:11:05","date_gmt":"2019-06-10T13:11:05","guid":{"rendered":"http:\/\/www.minisail.com\/?page_id=5047"},"modified":"2019-06-10T15:16:53","modified_gmt":"2019-06-10T13:16:53","slug":"datenschutz","status":"publish","type":"page","link":"http:\/\/www.minisail.com\/?page_id=5047","title":{"rendered":"Datenschutz"},"content":{"rendered":"<p><strong>Nutzung der Webseite<\/strong><\/p>\n<p>Bei jedem Zugriff auf www.minisail.com werden Daten protokolliert, was auch f\u00fcr den Aufruf von Dateien gilt. Hierbei nutzen wir Ihre IP-Adresse, um Daten zu sammeln, dies geschieht unter anderem \u00fcber Ihren Browser, Ihren Computer und Ihre auf www.minisail.com besuchten Unterseiten.<br \/>\nWir verwenden keine erfassten Daten von Ihnen, um Sie pers\u00f6nlichen zu identifizieren, sondern vor dem Hintergrund der Optimierung des Webauftrittes.<\/p>\n<p><strong>Kommunikation via E-Mail, Kontaktformular, Telefon<\/strong><\/p>\n<p>Sollten Sie mit uns via E-Mail, Telefon oder \u00fcber eines der nutzbaren Kontaktformulare in Verbindung treten, nutzen wir Ihre Angaben nur zur Kontaktaufnahme, wie wir sie gem\u00e4\u00df Ihrem Wunsch aus Ihrer Anfrage ableiten k\u00f6nnen. Eine Weitergabe an Dritte erfolgt nicht, es sei denn es besteht eine gesetzliche Verpflichtung hierzu. Der Nutzung Ihrer Angaben k\u00f6nnen Sie jederzeit widersprechen. Ferner verweisen wir darauf, dass bei der Daten\u00fcbertragung im Internet (z. B. via E-Mail) Sicherheitsl\u00fccken auftreten k\u00f6nnen. Ein l\u00fcckenloser Schutz vor dem Zugriff durch Dritte ist nicht m\u00f6glich.<\/p>\n<p><strong>Auskunftsrecht<\/strong><\/p>\n<p>Selbstverst\u00e4ndlich k\u00f6nnen Sie jederzeit im Rahmen Ihres Auskunftsrechtes erfahren, welche Daten wir \u00fcber Sie und zu welchem Zweck gespeichert haben. Sofern Sie hiervon oder von Ihrem Recht auf L\u00f6schung bzw. Sperrung Gebrauch machen, so bitten wir Sie uns dies schriftlich per Post mit einer ausreichenden Legitimation mitzuteilen. Die Postanschrift finden Sie im Impressum.<\/p>\n","protected":false},"excerpt":{"rendered":"<p>Nutzung der Webseite Bei jedem Zugriff auf www.minisail.com werden Daten protokolliert, was auch f\u00fcr den Aufruf von Dateien gilt. Hierbei nutzen wir Ihre IP-Adresse, um Daten zu sammeln, dies geschieht unter anderem \u00fcber Ihren Browser, Ihren Computer und Ihre auf www.minisail.com besuchten Unterseiten. Wir verwenden keine erfassten Daten von Ihnen, um Sie pers\u00f6nlichen zu identifizieren, [&hellip;]<\/p>\n","protected":false},"author":4,"featured_media":0,"parent":0,"menu_order":8,"comment_status":"closed","ping_status":"closed","template":"","meta":{"footnotes":""},"class_list":["post-5047","page","type-page","status-publish","hentry"],"_links":{"self":[{"href":"http:\/\/www.minisail.com\/index.php?rest_route=\/wp\/v2\/pages\/5047","targetHints":{"allow":["GET"]}}],"collection":[{"href":"http:\/\/www.minisail.com\/index.php?rest_route=\/wp\/v2\/pages"}],"about":[{"href":"http:\/\/www.minisail.com\/index.php?rest_route=\/wp\/v2\/types\/page"}],"author":[{"embeddable":true,"href":"http:\/\/www.minisail.com\/index.php?rest_route=\/wp\/v2\/users\/4"}],"replies":[{"embeddable":true,"href":"http:\/\/www.minisail.com\/index.php?rest_route=%2Fwp%2Fv2%2Fcomments&post=5047"}],"version-history":[{"count":6,"href":"http:\/\/www.minisail.com\/index.php?rest_route=\/wp\/v2\/pages\/5047\/revisions"}],"predecessor-version":[{"id":5054,"href":"http:\/\/www.minisail.com\/index.php?rest_route=\/wp\/v2\/pages\/5047\/revisions\/5054"}],"wp:attachment":[{"href":"http:\/\/www.minisail.com\/index.php?rest_route=%2Fwp%2Fv2%2Fmedia&parent=5047"}],"curies":[{"name":"wp","href":"https:\/\/api.w.org\/{rel}","templated":true}]}}