{"id":5,"date":"2008-11-03T19:45:39","date_gmt":"2008-11-03T18:45:39","guid":{"rendered":"http:\/\/wordpress.minisail.com\/?page_id=5"},"modified":"2019-06-10T15:08:22","modified_gmt":"2019-06-10T13:08:22","slug":"impressum","status":"publish","type":"page","link":"http:\/\/www.minisail.com\/?page_id=5","title":{"rendered":"Impressum"},"content":{"rendered":"<p><strong>Betreiber und verantwortlich f\u00fcr diese Website ist<br \/>\nGerd Neumann<br \/>\nHohlmichweg 4<br \/>\nD &#8211; 36137 Gro\u00dfenl\u00fcder<\/strong><\/p>\n<p><strong>E-Mail:<\/strong> gerd.neumann@minisail.com<\/p>\n<p><strong>Dies ist keine offizielle Seite einer Minisail-Gruppierung.<\/strong><\/p>\n<p><strong>Vielmehr versuche ich frei und unabh\u00e4ngig von Mitgliedschaften \u00fcber Minisail Ereignisse, Modelle und Gruppen zu berichten.<\/strong><\/p>\n<p><strong><span style=\"font-size: 12pt\">Daher darf ich es mir auch erlauben, meine pers\u00f6nlichen Vorlieben erkennen zu lassen.<\/span><\/strong><\/p>\n","protected":false},"excerpt":{"rendered":"<p>Betreiber und verantwortlich f\u00fcr diese Website ist Gerd Neumann Hohlmichweg 4 D &#8211; 36137 Gro\u00dfenl\u00fcder E-Mail: gerd.neumann@minisail.com Dies ist keine offizielle Seite einer Minisail-Gruppierung. Vielmehr versuche ich frei und unabh\u00e4ngig von Mitgliedschaften \u00fcber Minisail Ereignisse, Modelle und Gruppen zu berichten. Daher darf ich es mir auch erlauben, meine pers\u00f6nlichen Vorlieben erkennen zu lassen.<\/p>\n","protected":false},"author":4,"featured_media":0,"parent":0,"menu_order":7,"comment_status":"closed","ping_status":"closed","template":"","meta":{"footnotes":""},"class_list":["post-5","page","type-page","status-publish","hentry"],"_links":{"self":[{"href":"http:\/\/www.minisail.com\/index.php?rest_route=\/wp\/v2\/pages\/5","targetHints":{"allow":["GET"]}}],"collection":[{"href":"http:\/\/www.minisail.com\/index.php?rest_route=\/wp\/v2\/pages"}],"about":[{"href":"http:\/\/www.minisail.com\/index.php?rest_route=\/wp\/v2\/types\/page"}],"author":[{"embeddable":true,"href":"http:\/\/www.minisail.com\/index.php?rest_route=\/wp\/v2\/users\/4"}],"replies":[{"embeddable":true,"href":"http:\/\/www.minisail.com\/index.php?rest_route=%2Fwp%2Fv2%2Fcomments&post=5"}],"version-history":[{"count":47,"href":"http:\/\/www.minisail.com\/index.php?rest_route=\/wp\/v2\/pages\/5\/revisions"}],"predecessor-version":[{"id":5049,"href":"http:\/\/www.minisail.com\/index.php?rest_route=\/wp\/v2\/pages\/5\/revisions\/5049"}],"wp:attachment":[{"href":"http:\/\/www.minisail.com\/index.php?rest_route=%2Fwp%2Fv2%2Fmedia&parent=5"}],"curies":[{"name":"wp","href":"https:\/\/api.w.org\/{rel}","templated":true}]}}