{"id":13,"date":"2008-11-03T19:46:00","date_gmt":"2008-11-03T18:46:00","guid":{"rendered":"http:\/\/wordpress.minisail.com\/?page_id=13"},"modified":"2026-03-07T16:34:47","modified_gmt":"2026-03-07T15:34:47","slug":"links","status":"publish","type":"page","link":"http:\/\/www.minisail.com\/?page_id=13","title":{"rendered":"Links"},"content":{"rendered":"<p><strong>mini-sail Gruppen<\/strong><br \/>\nMir sind zur Zeit die nachfolgend aufgef\u00fchrten Minisail-Gruppen bekannt.<\/p>\n<p><a href=\"http:\/\/www.minisail-ig.de\/\">I.G.mini-sail gegr. 1987<\/a> BRD<\/p>\n<p><a href=\"http:\/\/www.minisail-classic.de\/\">Minisail-Classic<\/a> BRD<\/p>\n<p><a href=\"http:\/\/www.minisail-ev.de\/\">minisail-e.V.<\/a> BRD<\/p>\n<p><a href=\"http:\/\/www.minisail.ch\/\">Swiss Mini Sail<\/a> CH<\/p>\n<p>&nbsp;<\/p>\n<p><strong>Schiffsmodellbau &#8211; Vereine &#8211; Gruppierungen<\/strong><\/p>\n<p>Potsdamer Verein: <a href=\"http:\/\/www.royal-louise.de\" target=\"_blank\" rel=\"noopener\">www.royal-louise.de<\/a><\/p>\n<p>Der Arbeitskreis: <a href=\"http:\/\/www.arbeitskreis-historischer-Schiffbau.de\" target=\"_blank\" rel=\"noopener\">www.arbeitskreis-historischer-Schiffbau.de<\/a><\/p>\n<p>&nbsp;<\/p>\n<p><strong>Modellbau-Firmen<\/strong><\/p>\n<p><strong>Fa. Bauer<\/strong> (Gundert Nachfolger): <a href=\"http:\/\/www.bauer-modelle.com\">www.bauer-modelle.com<\/a><\/p>\n<p><strong>Fa. Toplicht<\/strong>: Holzpflege von Owatrol: <a href=\"http:\/\/www.Toplicht.de\">www.Toplicht.de<\/a><\/p>\n<p><strong>Fa. aero-naut<\/strong>: Holzboote und Zubeh\u00f6r:\u00a0<a href=\"http:\/\/www.aero-naut.de\/produkte\/schiffsmodellbau\/\">www.aero-naut.de<\/a><\/p>\n<p><strong>Fa. Multiplex<\/strong> hat jetzt die\u00a0Roxxy \u00a0Serie Lipos, BL-Motoren\u00a0und\u00a0Regler, sowie\u00a0Power Peak Lader mit Bid chip System von ROBBE \u00fcbernommen: <a href=\"http:\/\/www.multiplex-rc.de\">www.multiplex-rc.de<\/a><\/p>\n<p><strong>Fa. Krick<\/strong> hat Robbe Boote im Programm: <a href=\"http:\/\/www.krickshop.de\">www.krickshop.de<\/a><\/p>\n<p><strong>MVD &#8211;<\/strong> Modellbauschrauben: <a title=\"www.modellbauschrauben.de\" href=\"http:\/\/www.modellbauschrauben.de\/\">www.modellbauschrauben.de<\/a><\/p>\n<p><strong>Knupfer<\/strong> &#8211; Schrauben und Kleinteile: <a href=\"http:\/\/www.knupfer.info\/\">www.knupfer.info<\/a><\/p>\n<p><strong>GHW<\/strong> &#8211; Modelbauversand (Proxxon Vertrieb): <a href=\"http:\/\/www.modellbauershop.de\/\">www.modellbauershop.de<\/a><\/p>\n<p><strong>Saemann \u00c4tztechnik<\/strong> und -material: <a href=\"http:\/\/www.saemann-aetztechnik.de\/\">www.saemann-aetztechnik.de<\/a><\/p>\n<p><strong>KDH<\/strong> &#8211; Beschlagteile: <a href=\"http:\/\/www.kdhmodellbau.de\/\">www.kdhmodellbau.de<\/a><\/p>\n<p><strong>Fohrmann,<\/strong> Werkzeuge und mehr: <a href=\"http:\/\/www.fohrmann.com\/\">www.fohrmann.com<\/a><\/p>\n<p><strong>MKP<\/strong> &#8211; Pl\u00e4ne, Baus\u00e4tze, Beschl\u00e4ge: <a href=\"http:\/\/www.mkpmodellbau.com\">www.mkpmodellbau.com<\/a><\/p>\n<p><strong>Derkum<\/strong> &#8211; Modellbau: <a href=\"http:\/\/www.derkum-modellbau.com\">www.derkum-modellbau.com<\/a><\/p>\n<p>Modellkaufhaus <strong>Sch\u00f6rner<\/strong> &#8211;\u00a0 f\u00fcr Alles!: <a href=\"http:\/\/www.modellbau-kaufhaus.de\">www.modellbau-kaufhaus.de<\/a><\/p>\n<p><strong>Epoxydharze<\/strong> und Laminiergewebe: <a href=\"http:\/\/www.r-g.de\">www.r-g.de<\/a><\/p>\n<p><strong>Hess<\/strong> Modellbau allgemein: <a href=\"http:\/\/www.rc-modellbaushop-hess.de\">www.rc-modellbaushop-hess.de<\/a><\/p>\n<p><strong>Fa.\u00a0 Hoppe<\/strong>: <a href=\"http:\/\/www.sailmodell.de\" target=\"_blank\" rel=\"noopener\">www.sailmodell.de<\/a><\/p>\n<p>Fa. Heerdegen<strong> H\u00f6lzer-<\/strong>Leisten (BESTE Qualit\u00e4t): <a href=\"http:\/\/www.heerdegen-balsaholz.de\" target=\"_blank\" rel=\"noopener\">www.heerdegen-balsaholz.de<\/a><\/p>\n<p><strong> Flaggen,<\/strong> einzeln, super Qualit\u00e4t, auch nach Vorlagen: <a href=\"http:\/\/www.schiffsmodellflaggen.de\">www.schiffsmodellflaggen.de<\/a><\/p>\n<p><strong>Halbzeuge aus Carbon: <\/strong><a href=\"http:\/\/www.carbon-shop.eu\" target=\"_blank\" rel=\"noopener\">www.carbon-shop.eu<\/a><\/p>\n<p><strong>Fa. Conrad Modellbau:<\/strong> <a href=\"http:\/\/www.conrad-elektronik.de\" target=\"_blank\" rel=\"noopener\">www.conrad-elektronik.de<\/a><\/p>\n<p><strong>Elektronik-Module:<\/strong> <a href=\"http:\/\/www.momo-Sauerland.de\">www.momo-Sauerland.de<\/a><\/p>\n<p>&nbsp;<\/p>\n<p><strong>Presse und Bilder<\/strong><\/p>\n<p><a href=\"http:\/\/www.neckar-verlag.de\" target=\"_blank\" rel=\"noopener\">www.neckar-verlag.de<\/a><\/p>\n<p>SCHIFFS MODELL jetzt im Verlag:\u00a0 <a style=\"color: #2d4e99\" href=\"http:\/\/www.geramond.de\" target=\"_blank\" rel=\"noopener\">www.geramond.de<\/a><\/p>\n<p>MODELL WERFT: <a href=\"http:\/\/www.vth.de\" target=\"_blank\" rel=\"noopener\">www.vth.de<\/a><\/p>\n<p>Fachverlag: <a href=\"http:\/\/www.klauskramer.de\" target=\"_blank\" rel=\"noopener\">www.klauskramer.de<\/a><\/p>\n<p>Yachtfotos Kai Greiser: <a href=\"http:\/\/www.yachtbild.de\" target=\"_blank\" rel=\"noopener\">www.yachtbild.de<\/a><\/p>\n<p>Maritime Photographie &#8211; Wolfgang K. Reich, Wedel: <a href=\"http:\/\/www.maritime-photographie.de\" target=\"_blank\" rel=\"noopener\">www.maritime-photographie.de<\/a><\/p>\n<p>Bildersammlung Jan Schliebitz: <a href=\"http:\/\/www.klassischeyachten.de\" target=\"_blank\" rel=\"noopener\">www.klassischeyachten.de<\/a><\/p>\n<p>&nbsp;<\/p>\n<p><strong>Diverses<\/strong><\/p>\n<p>Deutsche Gesellschaft zur Rettung Schiffbr\u00fcchiger: <a href=\"http:\/\/www.forum-seenot.de\" target=\"_blank\" rel=\"noopener\">www.forum-seenot.de<\/a>, <a href=\"http:\/\/www.dgzrs.de\" target=\"_blank\" rel=\"noopener\">www.dgzrs.de<\/a> und <a href=\"http:\/\/www.seenotretter.de\">www.seenotretter.de<\/a><\/p>\n<p>Deutsches Schifffahrtsmuseum: <a href=\"http:\/\/www.dsm.museum\/\" target=\"_blank\" rel=\"noopener\">www.dsm.museum\/<\/a><\/p>\n<p>Maritimes in Hamburg &#8211; sehr vielseitige Infos: <a href=\"http:\/\/www.stiftung-hamburg-maritim.de\" target=\"_blank\" rel=\"noopener\">www.stiftung-hamburg-maritim.de<\/a><\/p>\n<p>Segelschulschiff DEUTSCHLAND: <a href=\"http:\/\/www.schulschiffdeutschland.de\/\" target=\"_blank\" rel=\"noopener\">www.schulschiffdeutschland.de<\/a><\/p>\n<p>Gro\u00dfsegler: <a href=\"http:\/\/www.tallship-fan.de\" target=\"_blank\" rel=\"noopener\">www.tallship-fan.de<\/a><\/p>\n<p>Freundeskreis Klassischer Yachten: <a href=\"http:\/\/www.fky.org\/\" target=\"_blank\" rel=\"noopener\">www.fky.org<\/a><\/p>\n<p>Lotsenschoner No 5 ELBE von 1883: <a href=\"http:\/\/www.lotsenschoner.de\/\" target=\"_blank\" rel=\"noopener\">www.lotsenschoner.de<\/a><\/p>\n<p>Gorch Fock: <a href=\"http:\/\/www2.gorchfock.de\">www2.gorchfock.de<\/a><\/p>\n<p>Ammersee-Segelschule: <a href=\"http:\/\/www.ammersee-segelschule.de\" target=\"_blank\" rel=\"noopener\">www.ammersee-segelschule.de<\/a><\/p>\n<p>Segelclub Niedermoos: <a href=\"http:\/\/www.scnl.de\/\" target=\"_blank\" rel=\"noopener\">www.scnl.de<\/a><\/p>\n<p>Landesverb. Saarl\u00e4nd. Segler e.V.: <a href=\"http:\/\/www.lvss.de\/\">www.lvss.de<\/a><\/p>\n<p>Oldtimer Schiffer Bodensee e.V.: <a href=\"http:\/\/www.oldtimerschiffer.de\/\" target=\"_blank\" rel=\"noopener\">www.oldtimerschiffer.de<\/a><\/p>\n<p>Segeln mit Marinekuttern: <a href=\"http:\/\/www.kuttersegeln.de\" target=\"_blank\" rel=\"noopener\">www.kuttersegeln.de<\/a><\/p>\n<p>Sammlung: <a href=\"http:\/\/www.sonderklasse-yachten.de\" target=\"_blank\" rel=\"noopener\">www.sonderklasse-yachten.de<\/a><\/p>\n<p>30 qm-Binnenkieler: <a href=\"http:\/\/www.30qm-Binnenkielklasse.org\" target=\"_blank\" rel=\"noopener\">www.30qm-Binnenkielklasse.org<\/a><\/p>\n<p>L-Boot: <a href=\"http:\/\/www.L-Boot.de\" target=\"_blank\" rel=\"noopener\">www.L-Boot.de<\/a><\/p>\n<p>Die Zeesbootseite: <a href=\"http:\/\/www.Braune-Segel.de\" target=\"_blank\" rel=\"noopener\">www.Braune-Segel.de<\/a><\/p>\n<p>&nbsp;<\/p>\n<p><strong>Werften \/ Segelmacher<br \/>\n<\/strong><\/p>\n<p>Martin-Werft Radolfzell &#8211; Bodensee: <a href=\"http:\/\/www.martin-yachten.de\" target=\"_blank\" rel=\"noopener\">www.martin-yachten.de<\/a><\/p>\n<p>Sammy Smits-Bootswerft &#8211; Bodensee: <a href=\"http:\/\/www.smits.ch\" target=\"_blank\" rel=\"noopener\">www.smits.ch<\/a><\/p>\n<p>Markus Glas GmbH Bootswerft &#8211; Starnbergersee: <a href=\"http:\/\/www.bootswerft-Glas.de\" target=\"_blank\" rel=\"noopener\">www.bootswerft-Glas.de<\/a><\/p>\n<p>Peter Liebner-Werft &#8211; Ammersee: <a href=\"http:\/\/www.bootsbau-liebner.de\" target=\"_blank\" rel=\"noopener\">www.bootsbau-liebner.de<\/a><\/p>\n<p>Segelmacherei Latsch: <a href=\"http:\/\/www.latsch-segel.de\" target=\"_blank\" rel=\"noopener\">www.latsch-segel.de<\/a><\/p>\n<p>&nbsp;<\/p>\n<p><strong>Private Seiten<\/strong><\/p>\n<p>Joachim Tzyschakoff, moderne Yachten: <a href=\"http:\/\/www.jt-yachtmodelle.de\/\" target=\"_blank\" rel=\"noopener\">www.jt-yachtmodelle.de<\/a><\/p>\n<p>Detlef Vonsien: <a href=\"http:\/\/www.DV-Segelschiffe.de\">www.DV-Segelschiffe.de<\/a><\/p>\n<p><strong>Bitte machen Sie mich darauf aufmerksam, falls ein Link nicht mehr funktionieren sollte.<br \/>\nDanke<\/strong><\/p>\n","protected":false},"excerpt":{"rendered":"<p>mini-sail Gruppen Mir sind zur Zeit die nachfolgend aufgef\u00fchrten Minisail-Gruppen bekannt. I.G.mini-sail gegr. 1987 BRD Minisail-Classic BRD minisail-e.V. BRD Swiss Mini Sail CH &nbsp; Schiffsmodellbau &#8211; Vereine &#8211; Gruppierungen Potsdamer Verein: www.royal-louise.de Der Arbeitskreis: www.arbeitskreis-historischer-Schiffbau.de &nbsp; Modellbau-Firmen Fa. Bauer (Gundert Nachfolger): www.bauer-modelle.com Fa. Toplicht: Holzpflege von Owatrol: www.Toplicht.de Fa. aero-naut: Holzboote und Zubeh\u00f6r:\u00a0www.aero-naut.de Fa. Multiplex [&hellip;]<\/p>\n","protected":false},"author":4,"featured_media":0,"parent":0,"menu_order":4,"comment_status":"closed","ping_status":"closed","template":"","meta":{"footnotes":""},"class_list":["post-13","page","type-page","status-publish","hentry"],"_links":{"self":[{"href":"http:\/\/www.minisail.com\/index.php?rest_route=\/wp\/v2\/pages\/13","targetHints":{"allow":["GET"]}}],"collection":[{"href":"http:\/\/www.minisail.com\/index.php?rest_route=\/wp\/v2\/pages"}],"about":[{"href":"http:\/\/www.minisail.com\/index.php?rest_route=\/wp\/v2\/types\/page"}],"author":[{"embeddable":true,"href":"http:\/\/www.minisail.com\/index.php?rest_route=\/wp\/v2\/users\/4"}],"replies":[{"embeddable":true,"href":"http:\/\/www.minisail.com\/index.php?rest_route=%2Fwp%2Fv2%2Fcomments&post=13"}],"version-history":[{"count":55,"href":"http:\/\/www.minisail.com\/index.php?rest_route=\/wp\/v2\/pages\/13\/revisions"}],"predecessor-version":[{"id":5804,"href":"http:\/\/www.minisail.com\/index.php?rest_route=\/wp\/v2\/pages\/13\/revisions\/5804"}],"wp:attachment":[{"href":"http:\/\/www.minisail.com\/index.php?rest_route=%2Fwp%2Fv2%2Fmedia&parent=13"}],"curies":[{"name":"wp","href":"https:\/\/api.w.org\/{rel}","templated":true}]}}